{"id":6428,"date":"2018-08-10T12:20:14","date_gmt":"2018-08-10T10:20:14","guid":{"rendered":"https:\/\/www.os-kamnica.si\/wordpress\/?page_id=6428"},"modified":"2023-09-06T05:34:31","modified_gmt":"2023-09-06T03:34:31","slug":"nacionalno-preverjanje-znanja","status":"publish","type":"page","link":"https:\/\/www.os-kamnica.si\/solski-koledar\/nacionalno-preverjanje-znanja\/","title":{"rendered":"Nacionalno preverjanje znanja"},"content":{"rendered":"<p>Na spodnji povezavi najdete informacije za u\u010dence in star\u0161e glede izvajanja nacionalnega preverjanja znanja.<\/p>\n<p><a href=\"https:\/\/www.os-kamnica.si\/wp-content\/uploads\/2023\/09\/Informacije-2024_SLO.pdf\" class=\"mtli_attachment mtli_pdf\">Informacije NPZ 2023-2024_za star\u0161e<\/a><\/p>\n<p>Na\u0161i deveto\u0161olci bodo v \u0161olskem letu 2023\/2024 kot tretji predmet preverjali znanje iz <strong>zgodovine.<\/strong><\/p>\n<hr id=\"system-readmore\" class=\"mceItemReadMore\" \/>\n<p>Ob koncu drugega in tretjega obdobja se znanje u\u010dencev preverja z nacionalnim preverjanjem znanja, s katerim se preverjajo standardi znanja, dolo\u010deni z u\u010dnim na\u010drtom (v nadaljevanju: nacionalno preverjanje znanja). Nacionalno preverjanje znanja je za u\u010dence 6. in 9. razreda obvezno.<\/p>\n<p>Ob koncu drugega obdobja osnovna \u0161ola po predpisanem postopku sama izvede nacionalno preverjanje znanja iz sloven\u0161\u010dine ali italijan\u0161\u010dine oziroma mad\u017ear\u0161\u010dine na narodno me\u0161anih obmo\u010djih, matematike in tujega jezika.<\/p>\n<h5>KOLEDAR NACIONALNEGA PREVERJANJA ZNANJA\u00a0<\/h5>\n<p><strong>Koledar NPZ je v pripravi.<\/strong><\/p>\n<table style=\"height: 396px; width: 95.8886%;\" border=\"1\" width=\"89.1803%\">\n<tbody>\n<tr style=\"height: 50px;\">\n<td style=\"height: 50px; width: 21%;\" width=\"21%\"><b>7. maj 2024\u00a0 \u00a0 \u00a0\u00a0<br \/>\n<\/b><\/td>\n<td style=\"height: 50px; width: 78%;\" width=\"78%\">NPZ iz sloven\u0161\u010dine za 6. in 9. razred<\/td>\n<\/tr>\n<tr style=\"height: 50px;\">\n<td style=\"height: 50px; width: 21%;\" width=\"21%\"><b>9. maj 2024<br \/>\n<\/b><\/td>\n<td style=\"height: 50px; width: 78%;\" width=\"78%\">NPZ iz matematike za 6. in 9. razred<\/td>\n<\/tr>\n<tr style=\"height: 95px;\">\n<td style=\"height: 95px; width: 21%;\" width=\"21%\"><b>13. maj 2024<br \/>\n<\/b><\/td>\n<td style=\"height: 95px; width: 78%;\" width=\"78%\">\n<p>NPZ iz zgodovine za 9. razred in<\/p>\n<p>NPZ iz angle\u0161\u010dine za 6. razred<\/p>\n<\/td>\n<\/tr>\n<tr style=\"height: 50px;\">\n<td style=\"height: 50px; width: 21%;\" width=\"21%\">3. junij \u2013 5. junij 2024<\/td>\n<td style=\"height: 50px; width: 78%;\" width=\"78%\">Seznanitev u\u010dencev z dose\u017eki v 9. razredu in uveljavljanje pravice do vpogleda v u\u010den\u010deve ovrednotene preizkuse NPZ<\/td>\n<\/tr>\n<tr style=\"height: 50px;\">\n<td style=\"height: 50px; width: 21%;\" width=\"21%\">7. junij \u201311. junij 2024<\/td>\n<td style=\"height: 50px; width: 78%;\" width=\"78%\">Uveljavljanje pravice do vpogleda v u\u010den\u010deve ovrednotene preizkuse NPZ v 9. razredu. Posredovanje podatkov\u00a0o poizvedbah v 9. razredu na RIC<\/td>\n<\/tr>\n<tr style=\"height: 26px;\">\n<td style=\"width: 21%; height: 26px;\">11. junij 2024<\/td>\n<td style=\"width: 78%; height: 26px;\">Ric posreduje \u0161olam spremembe dose\u017ekov\u00a0(po poizvedbah) u\u010dencev v 9. razredu<\/td>\n<\/tr>\n<tr style=\"height: 25px;\">\n<td style=\"height: 25px; width: 21%;\" width=\"21%\">14. junij 2024<\/td>\n<td style=\"height: 25px; width: 78%;\" width=\"78%\">Razdelitev obvestil o dose\u017ekih za u\u010dence 9. razreda<\/td>\n<\/tr>\n<tr>\n<td style=\"width: 21%;\">19. junij 2024<\/td>\n<td style=\"width: 78%;\">Ric posreduje \u0161olam spremembe dose\u017ekov (po poizvedbah) u\u010dencev v 6. razredu<\/td>\n<\/tr>\n<tr style=\"height: 25px;\">\n<td style=\"height: 25px; width: 21%;\" width=\"21%\">24. junij 2024<\/td>\n<td style=\"height: 25px; width: 78%;\" width=\"78%\">Razdelitev obvestil o dose\u017eku za u\u010dence 6. razreda<\/td>\n<\/tr>\n<\/tbody>\n<\/table>\n<h2>\u00a0<\/h2>\n","protected":false},"excerpt":{"rendered":"<p>Na spodnji povezavi najdete informacije za u\u010dence in star\u0161e glede izvajanja nacionalnega preverjanja znanja. Informacije NPZ 2023-2024_za star\u0161e Na\u0161i deveto\u0161olci bodo v \u0161olskem letu 2023\/2024 kot tretji predmet preverjali znanje [&hellip;]<\/p>\n","protected":false},"author":1,"featured_media":0,"parent":6301,"menu_order":0,"comment_status":"closed","ping_status":"closed","template":"template-noright.php","meta":{"footnotes":""},"publishpress_future_action":{"enabled":false,"date":"2024-07-11 12:07:04","action":"change-status","newStatus":"draft","terms":[],"taxonomy":""},"_links":{"self":[{"href":"https:\/\/www.os-kamnica.si\/wp-json\/wp\/v2\/pages\/6428"}],"collection":[{"href":"https:\/\/www.os-kamnica.si\/wp-json\/wp\/v2\/pages"}],"about":[{"href":"https:\/\/www.os-kamnica.si\/wp-json\/wp\/v2\/types\/page"}],"author":[{"embeddable":true,"href":"https:\/\/www.os-kamnica.si\/wp-json\/wp\/v2\/users\/1"}],"replies":[{"embeddable":true,"href":"https:\/\/www.os-kamnica.si\/wp-json\/wp\/v2\/comments?post=6428"}],"version-history":[{"count":0,"href":"https:\/\/www.os-kamnica.si\/wp-json\/wp\/v2\/pages\/6428\/revisions"}],"up":[{"embeddable":true,"href":"https:\/\/www.os-kamnica.si\/wp-json\/wp\/v2\/pages\/6301"}],"wp:attachment":[{"href":"https:\/\/www.os-kamnica.si\/wp-json\/wp\/v2\/media?parent=6428"}],"curies":[{"name":"wp","href":"https:\/\/api.w.org\/{rel}","templated":true}]}}