{"id":6358,"date":"2018-08-10T11:59:47","date_gmt":"2018-08-10T09:59:47","guid":{"rendered":"https:\/\/www.os-kamnica.si\/wordpress\/?page_id=6358"},"modified":"2018-08-13T11:38:46","modified_gmt":"2018-08-13T09:38:46","slug":"karierna-orientacija","status":"publish","type":"page","link":"https:\/\/www.os-kamnica.si\/solska-svetovalna-sluzba\/karierna-orientacija\/","title":{"rendered":"Karierna orientacija"},"content":{"rendered":"<p><strong>PROGRAM KARIERNE ORIENTACIJE<\/strong><\/p>\n<p><strong>Ciljna skupina<\/strong>: u\u010denci O\u0160 Kamnica od 7. do 9. razreda<\/p>\n<p><strong>Slopi programa:<\/strong><\/p>\n<ol>\n<li><u> Sodelovalno delo z u\u010denci<\/u><\/li>\n<\/ol>\n<p>&#8211; izvedba delavnic za u\u010dence<\/p>\n<p>&#8211; obisk CIPS-a<\/p>\n<p>&#8211; zbiranje podatkov o u\u010dencih zanamen kariernega svetovanja<\/p>\n<p>&#8211; individualno poklicno svetovanje<\/p>\n<ol start=\"2\">\n<li><u> Svetovalno in posvetovalno delo z u\u010ditelji<\/u><\/li>\n<\/ol>\n<p>&#8211; sodelovanje z u\u010ditelji pri izvedbi ur poklicne vzgoje<\/p>\n<p>&#8211; sodelovanje pri timskih sestankih o nadaljevaljni izobra\u017eevalni poti u\u010dencev<\/p>\n<ol start=\"3\">\n<li><u> Sodelovalno in posvetovalno delo s star\u0161i<\/u><\/li>\n<\/ol>\n<p>&#8211; individualni razgovori<\/p>\n<p>&#8211; seznanitev z mo\u017enostmi \u0161tipendiranja<\/p>\n<p>&#8211; seznanitev z rokovnikom za vpis<\/p>\n<ol start=\"4\">\n<li><u> Sodelovanje z vodstvom \u0161ole<\/u><\/li>\n<\/ol>\n<p>&#8211; sodelovanje z vodstvom \u0161ole pri na\u010drtovanju in organizaciji aktivnosti karierne orientacije<\/p>\n<ol start=\"5\">\n<li><u> Sodelovanje in koordinacija dela z zunanjimi institucijami<\/u><\/li>\n<\/ol>\n<p>&#8211; sodelovanje z Zaodom za zaposlovanje in Centrom zainformiranje in poklicno svetovanje (CIPS)<\/p>\n<p>&#8211; sodelovanje z Zavodom za \u0161olstvo<\/p>\n<p>&#8211; sodelovanje s srednjimi \u0161olami<\/p>\n<p>&#8211; sodelovanje s podjetji in drugimi organizacijami<\/p>\n<p>&nbsp;<\/p>\n<p>Nekaj koristih povezav do informacij:<\/p>\n<p><a href=\"http:\/\/www.mojaizbira.si\/\">www.mojaizbira.si<\/a><br \/>\n<a href=\"https:\/\/www.facebook.com\/mojaizbira\">\u00a0Facebook-a<\/a><br \/>\n<a href=\"http:\/\/www.danzakariero.si\/\">danzakariero.si<\/a><\/p>\n<ul>\n<li><a href=\"http:\/\/www.mddsz.gov.si\/\">Ministrstvo za delo dru\u017eino in socialne zadeve<\/a><\/li>\n<li><a href=\"http:\/\/www.mg.gov.si\/\">Ministrstvo za gospodarstvo<\/a><\/li>\n<li><a href=\"http:\/\/www.mss.gov.si\/\">Ministrstvo za \u0161olstvo in \u0161port<\/a><\/li>\n<li><a href=\"http:\/\/www.ess.gov.si\/\">Zavod za zaposlovanje<\/a><\/li>\n<li><a href=\"http:\/\/www.zrss.si\/\">Zavod RS za \u0161olstvo<\/a><\/li>\n<li><a href=\"http:\/\/www.cpi.si\/\">Center RS za poklicno izobra\u017eevanje<\/a><\/li>\n<li><a href=\"http:\/\/www.acs.si\/\">Andrago\u0161ki center Slovenije<\/a><\/li>\n<li><a href=\"http:\/\/www.cmepius.si\/\">Center Republike Slovenije za mobilnost in evropske programe izobra\u017eevanja in usposabljanja CMEPIUS<\/a><\/li>\n<li><a href=\"http:\/\/www.careerjet.si\/\">Careerjet<\/a><\/li>\n<\/ul>\n","protected":false},"excerpt":{"rendered":"<p>PROGRAM KARIERNE ORIENTACIJE Ciljna skupina: u\u010denci O\u0160 Kamnica od 7. do 9. razreda Slopi programa: Sodelovalno delo z u\u010denci &#8211; izvedba delavnic za u\u010dence &#8211; obisk CIPS-a &#8211; zbiranje podatkov [&hellip;]<\/p>\n","protected":false},"author":1,"featured_media":6185,"parent":6264,"menu_order":0,"comment_status":"closed","ping_status":"closed","template":"template-noright.php","meta":{"footnotes":""},"publishpress_future_action":{"enabled":false,"date":"2024-07-11 12:04:55","action":"change-status","newStatus":"draft","terms":[],"taxonomy":""},"_links":{"self":[{"href":"https:\/\/www.os-kamnica.si\/wp-json\/wp\/v2\/pages\/6358"}],"collection":[{"href":"https:\/\/www.os-kamnica.si\/wp-json\/wp\/v2\/pages"}],"about":[{"href":"https:\/\/www.os-kamnica.si\/wp-json\/wp\/v2\/types\/page"}],"author":[{"embeddable":true,"href":"https:\/\/www.os-kamnica.si\/wp-json\/wp\/v2\/users\/1"}],"replies":[{"embeddable":true,"href":"https:\/\/www.os-kamnica.si\/wp-json\/wp\/v2\/comments?post=6358"}],"version-history":[{"count":0,"href":"https:\/\/www.os-kamnica.si\/wp-json\/wp\/v2\/pages\/6358\/revisions"}],"up":[{"embeddable":true,"href":"https:\/\/www.os-kamnica.si\/wp-json\/wp\/v2\/pages\/6264"}],"wp:featuredmedia":[{"embeddable":true,"href":"https:\/\/www.os-kamnica.si\/wp-json\/wp\/v2\/media\/6185"}],"wp:attachment":[{"href":"https:\/\/www.os-kamnica.si\/wp-json\/wp\/v2\/media?parent=6358"}],"curies":[{"name":"wp","href":"https:\/\/api.w.org\/{rel}","templated":true}]}}