{"id":6307,"date":"2018-08-10T11:41:17","date_gmt":"2018-08-10T09:41:17","guid":{"rendered":"https:\/\/www.os-kamnica.si\/wordpress\/?page_id=6307"},"modified":"2019-10-20T17:57:22","modified_gmt":"2019-10-20T15:57:22","slug":"neobvezni-izbirni-predmeti","status":"publish","type":"page","link":"https:\/\/www.os-kamnica.si\/predmetnik\/neobvezni-izbirni-predmeti\/","title":{"rendered":"Neobvezni izbirni predmeti"},"content":{"rendered":"<p>V tem \u0161olskem letu se izvaja neobvezni izbirni predmet prvi tuji jezik \u2013 angle\u0161\u010dina v 1. razredu,\u00a0 neobvezni izbirni predmeti\u00a0 v 4., 5. in 6. razredu in\u00a0 neobvezni izbirni predmet drugi tuji jezik \u2013 nem\u0161\u010dina v 7., 8. in 9. razredu.<\/p>\n<p>U\u010denec, ki si izbere neobvezni izbirni predmet, ga mora obiskovati do konca \u0161olskega leta in je tudi ocenjen iz tega predmeta, ocena se vpi\u0161e v redovalnico.<\/p>\n<p>Glede na \u0161tevilo prijav bomo v 4., 5. in 6. razredu izvajali neobvezne izbirne predmete umetnost,\u00a0 tehniko in \u0161port, prav tako pa je bilo v 7., 8. in 9. razredu za nem\u0161\u010dino prijavljenih zadostno \u0161tevilo u\u010dencev in jo bomo izvajali tudi v tem \u0161olskem letu.<\/p>\n","protected":false},"excerpt":{"rendered":"<p>V tem \u0161olskem letu se izvaja neobvezni izbirni predmet prvi tuji jezik \u2013 angle\u0161\u010dina v 1. razredu,\u00a0 neobvezni izbirni predmeti\u00a0 v 4., 5. in 6. razredu in\u00a0 neobvezni izbirni predmet [&hellip;]<\/p>\n","protected":false},"author":1,"featured_media":0,"parent":6303,"menu_order":0,"comment_status":"closed","ping_status":"closed","template":"template-noright.php","meta":{"footnotes":""},"publishpress_future_action":{"enabled":false,"date":"2024-07-11 12:06:43","action":"change-status","newStatus":"draft","terms":[],"taxonomy":""},"_links":{"self":[{"href":"https:\/\/www.os-kamnica.si\/wp-json\/wp\/v2\/pages\/6307"}],"collection":[{"href":"https:\/\/www.os-kamnica.si\/wp-json\/wp\/v2\/pages"}],"about":[{"href":"https:\/\/www.os-kamnica.si\/wp-json\/wp\/v2\/types\/page"}],"author":[{"embeddable":true,"href":"https:\/\/www.os-kamnica.si\/wp-json\/wp\/v2\/users\/1"}],"replies":[{"embeddable":true,"href":"https:\/\/www.os-kamnica.si\/wp-json\/wp\/v2\/comments?post=6307"}],"version-history":[{"count":0,"href":"https:\/\/www.os-kamnica.si\/wp-json\/wp\/v2\/pages\/6307\/revisions"}],"up":[{"embeddable":true,"href":"https:\/\/www.os-kamnica.si\/wp-json\/wp\/v2\/pages\/6303"}],"wp:attachment":[{"href":"https:\/\/www.os-kamnica.si\/wp-json\/wp\/v2\/media?parent=6307"}],"curies":[{"name":"wp","href":"https:\/\/api.w.org\/{rel}","templated":true}]}}