{"id":6284,"date":"2018-08-10T11:32:55","date_gmt":"2018-08-10T09:32:55","guid":{"rendered":"https:\/\/www.os-kamnica.si\/wordpress\/?page_id=6284"},"modified":"2022-11-22T10:28:34","modified_gmt":"2022-11-22T09:28:34","slug":"knjiznicni-red","status":"publish","type":"page","link":"https:\/\/www.os-kamnica.si\/knjiznica\/knjiznicni-red\/","title":{"rendered":"Knji\u017eni\u010dni red"},"content":{"rendered":"<ul>\n<li>Izposoja gradiva,<\/li>\n<li>Posredovanje informacij<\/li>\n<li>Bibliopedago\u0161ko delo oz. usposabljanje uporabnikov za uporabo knji\u017enice.<\/li>\n<\/ul>\n<ol>\n<li>\u010dlanstvo: Ob vpisu na na\u0161o \u0161olo postanejo vsi u\u010denci \u010dlani \u0161olske knji\u017enice in so \u010dlani do konca \u0161olanja.<br \/>\nIzkaznico prejmejo u\u010denci v prvem razredu in jo imajo do konca \u0161olanja.<br \/>\n2. Izposoja je brezpla\u010dna, ob izposoji u\u010denci predlo\u017eijo izkaznico. Gradivo si izposoja vsak uporabnik osebno s svojo izkaznico. Izkaznica ni prenosljiva.<br \/>\nKnji\u017enica omogo\u010da dostop do knji\u017eni\u010dnega gradiva, njegovo uporabo v prostorih knji\u017enice ter izposojo v \u010ditalnici in na dom.<br \/>\n3. Odprtost<br \/>\nUrnik odprtosti je objavljen pred vhodom v knji\u017enico.<br \/>\nKo je knji\u017enica odprta, je dostopna za uporabo, samostojno delo, u\u010denje, uporabo ra\u010dunalnikov, vra\u010danje in izposoja gradiva ter za iskanje informacij ob pomo\u010di knji\u017eni\u010darke: Vse spremembe urnika so objavljene sproti.<br \/>\n4. Izposojevalni roki gradiva<\/li>\n<\/ol>\n<ul>\n<li>knjige 14 dni (mo\u017enost podalj\u0161anja \u0161e za 14 dni, \u010de ni obvezno branje)<\/li>\n<li>referen\u010dno gradivo (leksikone, slovarje, priro\u010dnike, enciklopedije, atlase,\u2026) si je mo\u017eno izposoditi le izjemoma po dogovoru ali \u010dez vikend, sicer so uporabni v prostorih knji\u017enice in pri pouku.<\/li>\n<\/ul>\n<ol start=\"5\">\n<li>Nadomestilo za po\u0161kodovano ali izgubljeno gradivo<br \/>\nUporabnik nadomesti po\u0161kodovano ali izgubljeno knji\u017eni\u010dno gradivo z enako enoto ali v dogovoru s knji\u017eni\u010darko s podobno &#8211; enakovredno.<br \/>\n6. Pravila obna\u0161anja v knji\u017enici<\/li>\n<\/ol>\n<ul>\n<li>V knji\u017enici je nujna obzirnost do vseh uporabnikov knji\u017enice.<\/li>\n<li>V knji\u017enico ne vstopamo burno, se ne pogovarjamo glasno in ne motimo uporabnikov, ki se u\u010dijo ali tiho delajo.<\/li>\n<li>V knji\u017enico ne prina\u0161amo hrane in pija\u010de.<\/li>\n<\/ul>\n<p><strong>Kaj lahko po\u010dnem v \u0161olski knji\u017enici<\/strong><br \/>\n<strong>10 x DA<\/strong><\/p>\n<ul>\n<li>berem knjige in revije.<\/li>\n<li>se tiho pogovarjam s prijatelji.<\/li>\n<li>pi\u0161em doma\u010de naloge.<\/li>\n<li>najdem svoj mir.<\/li>\n<li>re\u0161ujem kri\u017eanke, uganke.<\/li>\n<li>se u\u010dim.<\/li>\n<li>pi\u0161em referat, izpisujem podatke.<\/li>\n<li>pomagam mlaj\u0161im u\u010dencem.<\/li>\n<li>po dogovoru s knji\u017eni\u010darko uporabljam ra\u010dunalnik.<\/li>\n<li>prosim knji\u017eni\u010darko za pomo\u010d pri iskanju<\/li>\n<\/ul>\n<p><strong>10 x NE<\/strong><\/p>\n<ul>\n<li>ne vpijem in ne govorim glasno.<\/li>\n<li>se ne lovim in skrivam.<\/li>\n<li>ne tekam po knji\u017enici.<\/li>\n<li>ne jem in ne pijem.<\/li>\n<li>ne hodim po stolih.<\/li>\n<li>ne preklinjam.<\/li>\n<li>se ne pretepam.<\/li>\n<li>ne uni\u010dujem knjig.<\/li>\n<li>se ne nor\u010dujem iz mlaj\u0161ih.<\/li>\n<li>ne uporabljam mobilnega telefona.<\/li>\n<\/ul>\n<p>&nbsp;<\/p>\n<p><strong>POSTAVITEV V KNJI\u017dNICI<\/strong><br \/>\nLeposlovje je razdeljeno po starostnih skupinah:<br \/>\nC (zelene police) za u\u010dence 1. triletja<br \/>\nP (rde\u010de police) za u\u010dence 2. triletja<br \/>\nM (rumene police) za u\u010dence 3. triletja<br \/>\nKnjige v nem\u0161kem in angle\u0161kem jeziku na posebni polici.<br \/>\n<strong>Strokovno gradivo je razvr\u0161\u010deno v UDK skupine<\/strong><br \/>\n0. Splo\u0161no o znanosti in kulturi.<br \/>\n1. Filozofija, Astrologija.Psihologija.<br \/>\n2. Verstva.<br \/>\n3. Dru\u017ebene vede<br \/>\n4. 0<br \/>\n5. Naravoslovne vede<br \/>\n6. Uporabne vede.<br \/>\n7. Umetnost.\u0160port.<br \/>\n8. Jezikoslovje. Knji\u017eevnost.<br \/>\n9. Geografija. Zgodovina. Biografije.<\/p>\n<p>Knji\u017eni\u010darka: Janja Hleb<\/p>\n<p>&nbsp;<\/p>\n","protected":false},"excerpt":{"rendered":"<p>Izposoja gradiva, Posredovanje informacij Bibliopedago\u0161ko delo oz. usposabljanje uporabnikov za uporabo knji\u017enice. \u010dlanstvo: Ob vpisu na na\u0161o \u0161olo postanejo vsi u\u010denci \u010dlani \u0161olske knji\u017enice in so \u010dlani do konca \u0161olanja. [&hellip;]<\/p>\n","protected":false},"author":1,"featured_media":6185,"parent":6280,"menu_order":0,"comment_status":"closed","ping_status":"closed","template":"template-noright.php","meta":{"footnotes":""},"publishpress_future_action":{"enabled":false,"date":"2024-07-11 12:05:43","action":"change-status","newStatus":"draft","terms":[],"taxonomy":""},"_links":{"self":[{"href":"https:\/\/www.os-kamnica.si\/wp-json\/wp\/v2\/pages\/6284"}],"collection":[{"href":"https:\/\/www.os-kamnica.si\/wp-json\/wp\/v2\/pages"}],"about":[{"href":"https:\/\/www.os-kamnica.si\/wp-json\/wp\/v2\/types\/page"}],"author":[{"embeddable":true,"href":"https:\/\/www.os-kamnica.si\/wp-json\/wp\/v2\/users\/1"}],"replies":[{"embeddable":true,"href":"https:\/\/www.os-kamnica.si\/wp-json\/wp\/v2\/comments?post=6284"}],"version-history":[{"count":0,"href":"https:\/\/www.os-kamnica.si\/wp-json\/wp\/v2\/pages\/6284\/revisions"}],"up":[{"embeddable":true,"href":"https:\/\/www.os-kamnica.si\/wp-json\/wp\/v2\/pages\/6280"}],"wp:featuredmedia":[{"embeddable":true,"href":"https:\/\/www.os-kamnica.si\/wp-json\/wp\/v2\/media\/6185"}],"wp:attachment":[{"href":"https:\/\/www.os-kamnica.si\/wp-json\/wp\/v2\/media?parent=6284"}],"curies":[{"name":"wp","href":"https:\/\/api.w.org\/{rel}","templated":true}]}}