{"id":6119,"date":"2017-06-08T11:04:47","date_gmt":"2017-06-08T09:04:47","guid":{"rendered":"http:\/\/demo.wpzoom.com\/academica-pro-3\/?page_id=6119"},"modified":"2023-10-05T05:31:05","modified_gmt":"2023-10-05T03:31:05","slug":"dokumenti-in-pravilniki","status":"publish","type":"page","link":"https:\/\/www.os-kamnica.si\/osnovni-podatki\/dokumenti-in-pravilniki\/","title":{"rendered":"Dokumenti in pravilniki"},"content":{"rendered":"<p><span style=\"font-size: 20px; color: #0000ff;\">\u0160OLSKO LETO 2023\/2024<\/span><\/p>\n<p><a href=\"https:\/\/www.os-kamnica.si\/wp-content\/uploads\/2023\/10\/LDN-2023-24.pdf\" class=\"mtli_attachment mtli_pdf\">Letni delovni na\u010drt 2023-2024<\/a><\/p>\n<p><a href=\"https:\/\/www.os-kamnica.si\/wp-content\/uploads\/2023\/10\/Solska-pubikacija-OS-Kamnica-2023-24.pdf\" class=\"mtli_attachment mtli_pdf\">\u0160olska publikacija O\u0160 Kamnica 2023-24<\/a><\/p>\n<p><span style=\"font-size: 20px; color: #0000ff;\">\u0160OLSKO LETO 2022\/2023<\/span><\/p>\n<p><a href=\"https:\/\/www.os-kamnica.si\/wp-content\/uploads\/2022\/08\/Solska-pubikacija-os-kamnica-2022-23.pdf\" class=\"mtli_attachment mtli_pdf\">Publikacija<\/a><\/p>\n<p><a href=\"https:\/\/www.os-kamnica.si\/wp-content\/uploads\/2022\/10\/LDN-OS-Kamnica-2022-2023-.pdf\" class=\"mtli_attachment mtli_pdf\">Letni delovni na\u010drt\u00a0<\/a><\/p>\n<p><a href=\"https:\/\/www.os-kamnica.si\/wp-content\/uploads\/2022\/10\/Delo-z-nadarjenimi-brosura-2022-23.pdf\" class=\"mtli_attachment mtli_pdf\">Delo z nadarjenimi &#8211; bro\u0161ura<\/a><\/p>\n<p><a href=\"https:\/\/www.os-kamnica.si\/wp-content\/uploads\/2020\/11\/Izvedbeni_nacrt_izobrazevanje_na_daljavo_OSKamnica.pdf\" class=\"mtli_attachment mtli_pdf\">Izvedbeni_na\u010drt_izobrazevanje_na_daljavo_O\u0160Kamnica\u00a0<\/a><\/p>\n<p><a href=\"https:\/\/www.os-kamnica.si\/wp-content\/uploads\/2022\/01\/Protokol-19.1.2022-vsi-2021-OS-KAMNICA-1.pdf\" class=\"mtli_attachment mtli_pdf\">Protokol ukrepanja za zajezitev\u00a0 COVID 19.1.2022 O\u0160 KAMNICA<\/a><\/p>\n<p>&nbsp;<\/p>\n<p><span style=\"font-size: 20px; color: #0000ff;\">PRAVILNIKI<\/span><\/p>\n<p><a href=\"https:\/\/www.os-kamnica.si\/wp-content\/uploads\/2023\/10\/Solska-pravila-2023.pdf\" class=\"mtli_attachment mtli_pdf\">Pravila \u0161olskega reda<\/a>\u00a0\u00a0 \u00a0\u00a0 <a href=\"https:\/\/www.os-kamnica.si\/wp-content\/uploads\/2022\/11\/Priloga-A-seznam-krsitev-2022.pdf\" class=\"mtli_attachment mtli_pdf\">Priloga A &#8211; seznam kr\u0161itev<\/a><\/p>\n<p><a href=\"https:\/\/www.os-kamnica.si\/wp-content\/uploads\/2023\/10\/Hisni-red-2023.pdf\" class=\"mtli_attachment mtli_pdf\">Hi\u0161ni red O\u0160 Kamnica<\/a><\/p>\n<p><a href=\"https:\/\/www.os-kamnica.si\/wp-content\/uploads\/2018\/08\/Akcijski_nacrt_vzg_dejavnosti.pdf\" class=\"mtli_attachment mtli_pdf\">Akcijski na\u010drt<\/a><\/p>\n<p><a href=\"https:\/\/www.os-kamnica.si\/wp-content\/uploads\/2018\/08\/Vzgojni-nacrt.pdf\" class=\"mtli_attachment mtli_pdf\">Vzgojni na\u010drt<\/a><\/p>\n<p><a href=\"https:\/\/www.os-kamnica.si\/wp-content\/uploads\/2020\/09\/Pravila_prilagajanja_solskih_obveznosti_2020.pdf\" class=\"mtli_attachment mtli_pdf\">Pravila_prilagajanja_\u0161olskih_obveznosti_2020<\/a><\/p>\n<p><a href=\"https:\/\/www.os-kamnica.si\/wp-content\/uploads\/2022\/05\/PRAVILA-SOLSKE-PREHRANE-KAMNICA-2022.pdf\" class=\"mtli_attachment mtli_pdf\">PRAVILA \u0160OLSKE PREHRANE KAMNICA 2022<\/a><\/p>\n<p><a href=\"https:\/\/www.os-kamnica.si\/wp-content\/uploads\/2022\/04\/kriterij-subvencioniranje-sole-v-naravi-OS-Kamnica.pdf\" class=\"mtli_attachment mtli_pdf\">Kriterij subvencioniranje \u0161ole v naravi O\u0160 Kamnica<\/a><\/p>\n<p><a href=\"https:\/\/www.os-kamnica.si\/wp-content\/uploads\/2019\/10\/poslovnik_o_delu_pritobene_komisije.pdf\" class=\"mtli_attachment mtli_pdf\" target=\"_blank\" rel=\"noopener noreferrer\">Poslovnik o delu prito\u017ebene komisije<\/a><\/p>\n<p><a href=\"https:\/\/www.os-kamnica.si\/wp-content\/uploads\/2022\/09\/PRAVILNIK-o-prodaji-blaga-storitev-KAMNICA.pdf\" class=\"mtli_attachment mtli_pdf\">Pravilnik o prodaji blaga in storitev O\u0160 Kamnica<\/a><\/p>\n<p><a href=\"https:\/\/www.os-kamnica.si\/wp-content\/uploads\/2023\/04\/Akt_notranja_prijava_OS-Kamnica.pdf\" class=\"mtli_attachment mtli_pdf\">Akt_notranja_prijava_O\u0160 Kamnica<\/a><\/p>\n<p><a href=\"https:\/\/www.os-kamnica.si\/wp-content\/uploads\/2023\/04\/OS-Kamnica_spletnaInfo_notranja-prijava-1.pdf\" class=\"mtli_attachment mtli_pdf\">O\u0160 Kamnica_spletna_Info_notranja prijava<\/a><\/p>\n<p><a href=\"https:\/\/www.os-kamnica.si\/wp-content\/uploads\/2023\/04\/Notranja-prijava-OS-Kamnica.pdf\" class=\"mtli_attachment mtli_pdf\">Notranja prijava O\u0160 Kamnica<\/a><\/p>\n<p>&nbsp;<\/p>\n<p>&nbsp;<\/p>\n","protected":false},"excerpt":{"rendered":"<p>\u0160OLSKO LETO 2023\/2024 Letni delovni na\u010drt 2023-2024 \u0160olska publikacija O\u0160 Kamnica 2023-24 \u0160OLSKO LETO 2022\/2023 Publikacija Letni delovni na\u010drt\u00a0 Delo z nadarjenimi &#8211; bro\u0161ura Izvedbeni_na\u010drt_izobrazevanje_na_daljavo_O\u0160Kamnica\u00a0 Protokol ukrepanja za zajezitev\u00a0 COVID [&hellip;]<\/p>\n","protected":false},"author":1,"featured_media":6185,"parent":5443,"menu_order":0,"comment_status":"closed","ping_status":"closed","template":"template-noright.php","meta":{"footnotes":""},"publishpress_future_action":{"enabled":false,"date":"2024-07-11 12:06:10","action":"change-status","newStatus":"draft","terms":[],"taxonomy":""},"_links":{"self":[{"href":"https:\/\/www.os-kamnica.si\/wp-json\/wp\/v2\/pages\/6119"}],"collection":[{"href":"https:\/\/www.os-kamnica.si\/wp-json\/wp\/v2\/pages"}],"about":[{"href":"https:\/\/www.os-kamnica.si\/wp-json\/wp\/v2\/types\/page"}],"author":[{"embeddable":true,"href":"https:\/\/www.os-kamnica.si\/wp-json\/wp\/v2\/users\/1"}],"replies":[{"embeddable":true,"href":"https:\/\/www.os-kamnica.si\/wp-json\/wp\/v2\/comments?post=6119"}],"version-history":[{"count":0,"href":"https:\/\/www.os-kamnica.si\/wp-json\/wp\/v2\/pages\/6119\/revisions"}],"up":[{"embeddable":true,"href":"https:\/\/www.os-kamnica.si\/wp-json\/wp\/v2\/pages\/5443"}],"wp:featuredmedia":[{"embeddable":true,"href":"https:\/\/www.os-kamnica.si\/wp-json\/wp\/v2\/media\/6185"}],"wp:attachment":[{"href":"https:\/\/www.os-kamnica.si\/wp-json\/wp\/v2\/media?parent=6119"}],"curies":[{"name":"wp","href":"https:\/\/api.w.org\/{rel}","templated":true}]}}